{"id":2639,"date":"2023-12-19T18:46:14","date_gmt":"2023-12-19T17:46:14","guid":{"rendered":"https:\/\/www.esperancenogentbasket.fr\/?page_id=2639"},"modified":"2025-09-01T00:20:41","modified_gmt":"2025-08-31T22:20:41","slug":"histoire","status":"publish","type":"page","link":"https:\/\/www.esperancenogentbasket.fr\/index.php\/histoire\/","title":{"rendered":"Histoire"},"content":{"rendered":"\t\t<div data-elementor-type=\"wp-page\" data-elementor-id=\"2639\" class=\"elementor elementor-2639\">\n\t\t\t\t\t\t<section class=\"elementor-section elementor-top-section elementor-element elementor-element-5c92d436 elementor-section-boxed elementor-section-height-default elementor-section-height-default\" data-id=\"5c92d436\" data-element_type=\"section\" data-e-type=\"section\">\n\t\t\t\t\t\t<div class=\"elementor-container elementor-column-gap-default\">\n\t\t\t\t\t<div class=\"elementor-column elementor-col-100 elementor-top-column elementor-element elementor-element-29c5ca19\" data-id=\"29c5ca19\" data-element_type=\"column\" data-e-type=\"column\">\n\t\t\t<div class=\"elementor-widget-wrap elementor-element-populated\">\n\t\t\t\t\t\t<div class=\"elementor-element elementor-element-2f01ff4e elementor-widget elementor-widget-text-editor\" data-id=\"2f01ff4e\" data-element_type=\"widget\" data-e-type=\"widget\" data-widget_type=\"text-editor.default\">\n\t\t\t\t<div class=\"elementor-widget-container\">\n\t\t\t\t\t\t\t\t\t<p>L&rsquo;Esp\u00e9rance Nogent Basket est une section de l&rsquo;Esp\u00e9rance Omnisport de Nogent Sur Seine, qui a \u00e9t\u00e9 cr\u00e9\u00e9e en 1929.<br><\/p>\t\t\t\t\t\t\t\t<\/div>\n\t\t\t\t<\/div>\n\t\t\t\t\t<\/div>\n\t\t<\/div>\n\t\t\t\t\t<\/div>\n\t\t<\/section>\n\t\t\t\t<\/div>\n\t\t","protected":false},"excerpt":{"rendered":"<p>L&rsquo;Esp\u00e9rance Nogent Basket est une section de l&rsquo;Esp\u00e9rance Omnisport de Nogent Sur Seine, qui a \u00e9t\u00e9 cr\u00e9\u00e9e en 1929.<\/p>\n","protected":false},"author":1,"featured_media":0,"parent":0,"menu_order":0,"comment_status":"closed","ping_status":"closed","template":"template-parts\/template-full-width.php","meta":{"footnotes":""},"class_list":["post-2639","page","type-page","status-publish","hentry"],"aioseo_notices":[],"_links":{"self":[{"href":"https:\/\/www.esperancenogentbasket.fr\/index.php\/wp-json\/wp\/v2\/pages\/2639","targetHints":{"allow":["GET"]}}],"collection":[{"href":"https:\/\/www.esperancenogentbasket.fr\/index.php\/wp-json\/wp\/v2\/pages"}],"about":[{"href":"https:\/\/www.esperancenogentbasket.fr\/index.php\/wp-json\/wp\/v2\/types\/page"}],"author":[{"embeddable":true,"href":"https:\/\/www.esperancenogentbasket.fr\/index.php\/wp-json\/wp\/v2\/users\/1"}],"replies":[{"embeddable":true,"href":"https:\/\/www.esperancenogentbasket.fr\/index.php\/wp-json\/wp\/v2\/comments?post=2639"}],"version-history":[{"count":13,"href":"https:\/\/www.esperancenogentbasket.fr\/index.php\/wp-json\/wp\/v2\/pages\/2639\/revisions"}],"predecessor-version":[{"id":3220,"href":"https:\/\/www.esperancenogentbasket.fr\/index.php\/wp-json\/wp\/v2\/pages\/2639\/revisions\/3220"}],"wp:attachment":[{"href":"https:\/\/www.esperancenogentbasket.fr\/index.php\/wp-json\/wp\/v2\/media?parent=2639"}],"curies":[{"name":"wp","href":"https:\/\/api.w.org\/{rel}","templated":true}]}}