{"id":3343,"date":"2025-08-30T16:21:08","date_gmt":"2025-08-30T14:21:08","guid":{"rendered":"https:\/\/www.esperancenogentbasket.fr\/?page_id=3343"},"modified":"2026-03-28T16:13:49","modified_gmt":"2026-03-28T15:13:49","slug":"partenaires","status":"publish","type":"page","link":"https:\/\/www.esperancenogentbasket.fr\/index.php\/partenaires\/","title":{"rendered":"Partenaires"},"content":{"rendered":"\t\t<div data-elementor-type=\"wp-page\" data-elementor-id=\"3343\" class=\"elementor elementor-3343\">\n\t\t\t\t\t\t<section class=\"elementor-section elementor-top-section elementor-element elementor-element-af8fac1 elementor-section-boxed elementor-section-height-default elementor-section-height-default\" data-id=\"af8fac1\" data-element_type=\"section\" data-e-type=\"section\">\n\t\t\t\t\t\t<div class=\"elementor-container elementor-column-gap-default\">\n\t\t\t\t\t<div class=\"elementor-column elementor-col-100 elementor-top-column elementor-element elementor-element-5506968\" data-id=\"5506968\" data-element_type=\"column\" data-e-type=\"column\">\n\t\t\t<div class=\"elementor-widget-wrap elementor-element-populated\">\n\t\t\t\t\t\t<div class=\"elementor-element elementor-element-3622fe4 elementor-widget elementor-widget-text-editor\" data-id=\"3622fe4\" data-element_type=\"widget\" data-e-type=\"widget\" data-widget_type=\"text-editor.default\">\n\t\t\t\t<div class=\"elementor-widget-container\">\n\t\t\t\t\t\t\t\t\t<p style=\"text-align: center;\">Nous tenons \u00e0 remercier tout nos partenaires qui nous suives et sans qui nous ne pourrions avoir autant d&rsquo;\u00e9quipement.<\/p>\t\t\t\t\t\t\t\t<\/div>\n\t\t\t\t<\/div>\n\t\t\t\t\t<\/div>\n\t\t<\/div>\n\t\t\t\t\t<\/div>\n\t\t<\/section>\n\t\t\t\t<section class=\"elementor-section elementor-top-section elementor-element elementor-element-fa6c8a7 elementor-section-boxed elementor-section-height-default elementor-section-height-default\" data-id=\"fa6c8a7\" data-element_type=\"section\" data-e-type=\"section\">\n\t\t\t\t\t\t<div class=\"elementor-container elementor-column-gap-default\">\n\t\t\t\t\t<div class=\"elementor-column elementor-col-50 elementor-top-column elementor-element elementor-element-a13bc4d\" data-id=\"a13bc4d\" data-element_type=\"column\" data-e-type=\"column\">\n\t\t\t<div class=\"elementor-widget-wrap elementor-element-populated\">\n\t\t\t\t\t\t<div class=\"elementor-element elementor-element-782e384 elementor-widget elementor-widget-image\" data-id=\"782e384\" data-element_type=\"widget\" data-e-type=\"widget\" data-widget_type=\"image.default\">\n\t\t\t\t<div class=\"elementor-widget-container\">\n\t\t\t\t\t\t\t\t\t\t\t\t<figure class=\"wp-caption\">\n\t\t\t\t\t\t\t\t\t\t\t<a href=\"https:\/\/agence.axa.fr\/distributeur\/0004433804\">\n\t\t\t\t\t\t\t<img fetchpriority=\"high\" decoding=\"async\" width=\"775\" height=\"475\" src=\"https:\/\/www.esperancenogentbasket.fr\/wp-content\/uploads\/2025\/10\/AXA.png\" class=\"attachment-1536x1536 size-1536x1536 wp-image-3772\" alt=\"\" srcset=\"https:\/\/www.esperancenogentbasket.fr\/wp-content\/uploads\/2025\/10\/AXA.png 775w, https:\/\/www.esperancenogentbasket.fr\/wp-content\/uploads\/2025\/10\/AXA-300x184.png 300w, https:\/\/www.esperancenogentbasket.fr\/wp-content\/uploads\/2025\/10\/AXA-768x471.png 768w\" sizes=\"(max-width: 775px) 100vw, 775px\" \/>\t\t\t\t\t\t\t\t<\/a>\n\t\t\t\t\t\t\t\t\t\t\t<figcaption class=\"widget-image-caption wp-caption-text\">AXA Nogent sur Seine<\/figcaption>\n\t\t\t\t\t\t\t\t\t\t<\/figure>\n\t\t\t\t\t\t\t\t\t<\/div>\n\t\t\t\t<\/div>\n\t\t\t\t\t<\/div>\n\t\t<\/div>\n\t\t\t\t<div class=\"elementor-column elementor-col-50 elementor-top-column elementor-element elementor-element-be3cd86\" data-id=\"be3cd86\" data-element_type=\"column\" data-e-type=\"column\">\n\t\t\t<div class=\"elementor-widget-wrap elementor-element-populated\">\n\t\t\t\t\t\t<div class=\"elementor-element elementor-element-4f41030 elementor-widget elementor-widget-image\" data-id=\"4f41030\" data-element_type=\"widget\" data-e-type=\"widget\" data-widget_type=\"image.default\">\n\t\t\t\t<div class=\"elementor-widget-container\">\n\t\t\t\t\t\t\t\t\t\t\t\t<figure class=\"wp-caption\">\n\t\t\t\t\t\t\t\t\t\t\t<a href=\"https:\/\/www.intermarche.com\/magasins\/02138\/nogent-sur-seine-10400\">\n\t\t\t\t\t\t\t<img decoding=\"async\" width=\"1024\" height=\"410\" src=\"https:\/\/www.esperancenogentbasket.fr\/wp-content\/uploads\/2025\/09\/WhatsApp-Image-2025-08-31-a-21.24.02_bd11cdb5-1024x410.jpg\" class=\"attachment-large size-large wp-image-3446\" alt=\"\" srcset=\"https:\/\/www.esperancenogentbasket.fr\/wp-content\/uploads\/2025\/09\/WhatsApp-Image-2025-08-31-a-21.24.02_bd11cdb5-1024x410.jpg 1024w, https:\/\/www.esperancenogentbasket.fr\/wp-content\/uploads\/2025\/09\/WhatsApp-Image-2025-08-31-a-21.24.02_bd11cdb5-300x120.jpg 300w, https:\/\/www.esperancenogentbasket.fr\/wp-content\/uploads\/2025\/09\/WhatsApp-Image-2025-08-31-a-21.24.02_bd11cdb5-768x307.jpg 768w, https:\/\/www.esperancenogentbasket.fr\/wp-content\/uploads\/2025\/09\/WhatsApp-Image-2025-08-31-a-21.24.02_bd11cdb5-e1756677630919.jpg 600w\" sizes=\"(max-width: 1024px) 100vw, 1024px\" \/>\t\t\t\t\t\t\t\t<\/a>\n\t\t\t\t\t\t\t\t\t\t\t<figcaption class=\"widget-image-caption wp-caption-text\">Intermarch\u00e9 Nogent sur Seine<\/figcaption>\n\t\t\t\t\t\t\t\t\t\t<\/figure>\n\t\t\t\t\t\t\t\t\t<\/div>\n\t\t\t\t<\/div>\n\t\t\t\t\t<\/div>\n\t\t<\/div>\n\t\t\t\t\t<\/div>\n\t\t<\/section>\n\t\t\t\t<section class=\"elementor-section elementor-top-section elementor-element elementor-element-191a419 elementor-section-boxed elementor-section-height-default elementor-section-height-default\" data-id=\"191a419\" data-element_type=\"section\" data-e-type=\"section\">\n\t\t\t\t\t\t<div class=\"elementor-container elementor-column-gap-default\">\n\t\t\t\t\t<div class=\"elementor-column elementor-col-50 elementor-top-column elementor-element elementor-element-bae2ffa\" data-id=\"bae2ffa\" data-element_type=\"column\" data-e-type=\"column\">\n\t\t\t<div class=\"elementor-widget-wrap elementor-element-populated\">\n\t\t\t\t\t\t<div class=\"elementor-element elementor-element-02bde92 elementor-widget elementor-widget-image\" data-id=\"02bde92\" data-element_type=\"widget\" data-e-type=\"widget\" data-widget_type=\"image.default\">\n\t\t\t\t<div class=\"elementor-widget-container\">\n\t\t\t\t\t\t\t\t\t\t\t\t<figure class=\"wp-caption\">\n\t\t\t\t\t\t\t\t\t\t\t<a href=\"https:\/\/www.edf.fr\/centrale-nucleaire-nogent-sur-seine\">\n\t\t\t\t\t\t\t<img decoding=\"async\" width=\"1024\" height=\"410\" src=\"https:\/\/www.esperancenogentbasket.fr\/wp-content\/uploads\/2025\/09\/WhatsApp-Image-2025-08-31-a-21.37.00_452a63ee-1024x410.jpg\" class=\"attachment-large size-large wp-image-3447\" alt=\"\" srcset=\"https:\/\/www.esperancenogentbasket.fr\/wp-content\/uploads\/2025\/09\/WhatsApp-Image-2025-08-31-a-21.37.00_452a63ee-1024x410.jpg 1024w, https:\/\/www.esperancenogentbasket.fr\/wp-content\/uploads\/2025\/09\/WhatsApp-Image-2025-08-31-a-21.37.00_452a63ee-300x120.jpg 300w, https:\/\/www.esperancenogentbasket.fr\/wp-content\/uploads\/2025\/09\/WhatsApp-Image-2025-08-31-a-21.37.00_452a63ee-768x307.jpg 768w, https:\/\/www.esperancenogentbasket.fr\/wp-content\/uploads\/2025\/09\/WhatsApp-Image-2025-08-31-a-21.37.00_452a63ee.jpg 1200w\" sizes=\"(max-width: 1024px) 100vw, 1024px\" \/>\t\t\t\t\t\t\t\t<\/a>\n\t\t\t\t\t\t\t\t\t\t\t<figcaption class=\"widget-image-caption wp-caption-text\">Centrale Nucl\u00e9aire de Nogent sur Seine<\/figcaption>\n\t\t\t\t\t\t\t\t\t\t<\/figure>\n\t\t\t\t\t\t\t\t\t<\/div>\n\t\t\t\t<\/div>\n\t\t\t\t\t<\/div>\n\t\t<\/div>\n\t\t\t\t<div class=\"elementor-column elementor-col-50 elementor-top-column elementor-element elementor-element-00b063a\" data-id=\"00b063a\" data-element_type=\"column\" data-e-type=\"column\">\n\t\t\t<div class=\"elementor-widget-wrap elementor-element-populated\">\n\t\t\t\t\t\t<div class=\"elementor-element elementor-element-e490a17 elementor-widget elementor-widget-image\" data-id=\"e490a17\" data-element_type=\"widget\" data-e-type=\"widget\" data-widget_type=\"image.default\">\n\t\t\t\t<div class=\"elementor-widget-container\">\n\t\t\t\t\t\t\t\t\t\t\t\t<figure class=\"wp-caption\">\n\t\t\t\t\t\t\t\t\t\t\t<a href=\"https:\/\/www.facebook.com\/LAdresseMobileProvins\">\n\t\t\t\t\t\t\t<img loading=\"lazy\" decoding=\"async\" width=\"300\" height=\"300\" src=\"https:\/\/www.esperancenogentbasket.fr\/wp-content\/uploads\/2025\/10\/LAM-300x300.png\" class=\"attachment-medium size-medium wp-image-3681\" alt=\"\" srcset=\"https:\/\/www.esperancenogentbasket.fr\/wp-content\/uploads\/2025\/10\/LAM-300x300.png 300w, https:\/\/www.esperancenogentbasket.fr\/wp-content\/uploads\/2025\/10\/LAM-150x150.png 150w, https:\/\/www.esperancenogentbasket.fr\/wp-content\/uploads\/2025\/10\/LAM-768x768.png 768w, https:\/\/www.esperancenogentbasket.fr\/wp-content\/uploads\/2025\/10\/elementor\/thumbs\/LAM-rd24swc32x0up46rg1edqg7ngr8r4sv4hmyfzavsuo.png 200w, https:\/\/www.esperancenogentbasket.fr\/wp-content\/uploads\/2025\/10\/LAM.png 1000w\" sizes=\"(max-width: 300px) 100vw, 300px\" \/>\t\t\t\t\t\t\t\t<\/a>\n\t\t\t\t\t\t\t\t\t\t\t<figcaption class=\"widget-image-caption wp-caption-text\">LAM<\/figcaption>\n\t\t\t\t\t\t\t\t\t\t<\/figure>\n\t\t\t\t\t\t\t\t\t<\/div>\n\t\t\t\t<\/div>\n\t\t\t\t\t<\/div>\n\t\t<\/div>\n\t\t\t\t\t<\/div>\n\t\t<\/section>\n\t\t\t\t<section class=\"elementor-section elementor-top-section elementor-element elementor-element-c7003fa elementor-section-boxed elementor-section-height-default elementor-section-height-default\" data-id=\"c7003fa\" data-element_type=\"section\" data-e-type=\"section\">\n\t\t\t\t\t\t<div class=\"elementor-container elementor-column-gap-default\">\n\t\t\t\t\t<div class=\"elementor-column elementor-col-50 elementor-top-column elementor-element elementor-element-b1e8985\" data-id=\"b1e8985\" data-element_type=\"column\" data-e-type=\"column\">\n\t\t\t<div class=\"elementor-widget-wrap elementor-element-populated\">\n\t\t\t\t\t\t<div class=\"elementor-element elementor-element-e0d923c elementor-widget elementor-widget-image\" data-id=\"e0d923c\" data-element_type=\"widget\" data-e-type=\"widget\" data-widget_type=\"image.default\">\n\t\t\t\t<div class=\"elementor-widget-container\">\n\t\t\t\t\t\t\t\t\t\t\t\t<figure class=\"wp-caption\">\n\t\t\t\t\t\t\t\t\t\t\t<a href=\"https:\/\/www.gitem.fr\/nos-magasins.html#!\/l\/nogent-sur-seine\/43-route-de-bray\/3927173\">\n\t\t\t\t\t\t\t<img loading=\"lazy\" decoding=\"async\" width=\"214\" height=\"214\" src=\"https:\/\/www.esperancenogentbasket.fr\/wp-content\/uploads\/2025\/10\/GITEM.png\" class=\"attachment-large size-large wp-image-3790\" alt=\"\" srcset=\"https:\/\/www.esperancenogentbasket.fr\/wp-content\/uploads\/2025\/10\/GITEM.png 214w, https:\/\/www.esperancenogentbasket.fr\/wp-content\/uploads\/2025\/10\/GITEM-150x150.png 150w\" sizes=\"(max-width: 214px) 100vw, 214px\" \/>\t\t\t\t\t\t\t\t<\/a>\n\t\t\t\t\t\t\t\t\t\t\t<figcaption class=\"widget-image-caption wp-caption-text\">Gitem Nogent sur Seine<\/figcaption>\n\t\t\t\t\t\t\t\t\t\t<\/figure>\n\t\t\t\t\t\t\t\t\t<\/div>\n\t\t\t\t<\/div>\n\t\t\t\t\t<\/div>\n\t\t<\/div>\n\t\t\t\t<div class=\"elementor-column elementor-col-50 elementor-top-column elementor-element elementor-element-9e32042\" data-id=\"9e32042\" data-element_type=\"column\" data-e-type=\"column\">\n\t\t\t<div class=\"elementor-widget-wrap elementor-element-populated\">\n\t\t\t\t\t\t<div class=\"elementor-element elementor-element-cfdd3a5 elementor-widget elementor-widget-image\" data-id=\"cfdd3a5\" data-element_type=\"widget\" data-e-type=\"widget\" data-widget_type=\"image.default\">\n\t\t\t\t<div class=\"elementor-widget-container\">\n\t\t\t\t\t\t\t\t\t\t\t\t<figure class=\"wp-caption\">\n\t\t\t\t\t\t\t\t\t\t\t<a href=\"https:\/\/www.ad.fr\/garage\/ad-carrosserie-dionnet\">\n\t\t\t\t\t\t\t<img loading=\"lazy\" decoding=\"async\" width=\"460\" height=\"102\" src=\"https:\/\/www.esperancenogentbasket.fr\/wp-content\/uploads\/2025\/10\/AD-GARAGE-DIONNET.webp\" class=\"attachment-large size-large wp-image-3849\" alt=\"\" srcset=\"https:\/\/www.esperancenogentbasket.fr\/wp-content\/uploads\/2025\/10\/AD-GARAGE-DIONNET.webp 460w, https:\/\/www.esperancenogentbasket.fr\/wp-content\/uploads\/2025\/10\/AD-GARAGE-DIONNET-300x67.webp 300w\" sizes=\"(max-width: 460px) 100vw, 460px\" \/>\t\t\t\t\t\t\t\t<\/a>\n\t\t\t\t\t\t\t\t\t\t\t<figcaption class=\"widget-image-caption wp-caption-text\">Garage Carrosserie Dionnet<\/figcaption>\n\t\t\t\t\t\t\t\t\t\t<\/figure>\n\t\t\t\t\t\t\t\t\t<\/div>\n\t\t\t\t<\/div>\n\t\t\t\t\t<\/div>\n\t\t<\/div>\n\t\t\t\t\t<\/div>\n\t\t<\/section>\n\t\t\t\t<section class=\"elementor-section elementor-top-section elementor-element elementor-element-ced6bd8 elementor-section-boxed elementor-section-height-default elementor-section-height-default\" data-id=\"ced6bd8\" data-element_type=\"section\" data-e-type=\"section\">\n\t\t\t\t\t\t<div class=\"elementor-container elementor-column-gap-default\">\n\t\t\t\t\t<div class=\"elementor-column elementor-col-50 elementor-top-column elementor-element elementor-element-d62a0a0\" data-id=\"d62a0a0\" data-element_type=\"column\" data-e-type=\"column\">\n\t\t\t<div class=\"elementor-widget-wrap elementor-element-populated\">\n\t\t\t\t\t\t<div class=\"elementor-element elementor-element-3c06abb elementor-widget elementor-widget-image\" data-id=\"3c06abb\" data-element_type=\"widget\" data-e-type=\"widget\" data-widget_type=\"image.default\">\n\t\t\t\t<div class=\"elementor-widget-container\">\n\t\t\t\t\t\t\t\t\t\t\t\t<figure class=\"wp-caption\">\n\t\t\t\t\t\t\t\t\t\t\t<a href=\"https:\/\/www.lrchauffage-avis.com\/\">\n\t\t\t\t\t\t\t<img loading=\"lazy\" decoding=\"async\" width=\"224\" height=\"225\" src=\"https:\/\/www.esperancenogentbasket.fr\/wp-content\/uploads\/2025\/10\/LR-CHAUFFAGE.webp\" class=\"attachment-large size-large wp-image-3850\" alt=\"\" srcset=\"https:\/\/www.esperancenogentbasket.fr\/wp-content\/uploads\/2025\/10\/LR-CHAUFFAGE.webp 224w, https:\/\/www.esperancenogentbasket.fr\/wp-content\/uploads\/2025\/10\/LR-CHAUFFAGE-150x150.webp 150w\" sizes=\"(max-width: 224px) 100vw, 224px\" \/>\t\t\t\t\t\t\t\t<\/a>\n\t\t\t\t\t\t\t\t\t\t\t<figcaption class=\"widget-image-caption wp-caption-text\">LR Chauffage<\/figcaption>\n\t\t\t\t\t\t\t\t\t\t<\/figure>\n\t\t\t\t\t\t\t\t\t<\/div>\n\t\t\t\t<\/div>\n\t\t\t\t\t<\/div>\n\t\t<\/div>\n\t\t\t\t<div class=\"elementor-column elementor-col-50 elementor-top-column elementor-element elementor-element-c765307\" data-id=\"c765307\" data-element_type=\"column\" data-e-type=\"column\">\n\t\t\t<div class=\"elementor-widget-wrap elementor-element-populated\">\n\t\t\t\t\t\t<div class=\"elementor-element elementor-element-b962c6a elementor-widget elementor-widget-image\" data-id=\"b962c6a\" data-element_type=\"widget\" data-e-type=\"widget\" data-widget_type=\"image.default\">\n\t\t\t\t<div class=\"elementor-widget-container\">\n\t\t\t\t\t\t\t\t\t\t\t\t<figure class=\"wp-caption\">\n\t\t\t\t\t\t\t\t\t\t\t<a href=\"https:\/\/www.menuiserieminoux.com\/\">\n\t\t\t\t\t\t\t<img loading=\"lazy\" decoding=\"async\" width=\"340\" height=\"148\" src=\"https:\/\/www.esperancenogentbasket.fr\/wp-content\/uploads\/2025\/10\/MINOUX-MENUISERIE.webp\" class=\"attachment-large size-large wp-image-3851\" alt=\"\" srcset=\"https:\/\/www.esperancenogentbasket.fr\/wp-content\/uploads\/2025\/10\/MINOUX-MENUISERIE.webp 340w, https:\/\/www.esperancenogentbasket.fr\/wp-content\/uploads\/2025\/10\/MINOUX-MENUISERIE-300x131.webp 300w\" sizes=\"(max-width: 340px) 100vw, 340px\" \/>\t\t\t\t\t\t\t\t<\/a>\n\t\t\t\t\t\t\t\t\t\t\t<figcaption class=\"widget-image-caption wp-caption-text\">Menuiserie Minoux<\/figcaption>\n\t\t\t\t\t\t\t\t\t\t<\/figure>\n\t\t\t\t\t\t\t\t\t<\/div>\n\t\t\t\t<\/div>\n\t\t\t\t\t<\/div>\n\t\t<\/div>\n\t\t\t\t\t<\/div>\n\t\t<\/section>\n\t\t\t\t<section class=\"elementor-section elementor-top-section elementor-element elementor-element-44c9369 elementor-section-boxed elementor-section-height-default elementor-section-height-default\" data-id=\"44c9369\" data-element_type=\"section\" data-e-type=\"section\">\n\t\t\t\t\t\t<div class=\"elementor-container elementor-column-gap-default\">\n\t\t\t\t\t<div class=\"elementor-column elementor-col-50 elementor-top-column elementor-element elementor-element-6fc5632\" data-id=\"6fc5632\" data-element_type=\"column\" data-e-type=\"column\">\n\t\t\t<div class=\"elementor-widget-wrap elementor-element-populated\">\n\t\t\t\t\t\t<div class=\"elementor-element elementor-element-bfe12a8 elementor-widget elementor-widget-image\" data-id=\"bfe12a8\" data-element_type=\"widget\" data-e-type=\"widget\" data-widget_type=\"image.default\">\n\t\t\t\t<div class=\"elementor-widget-container\">\n\t\t\t\t\t\t\t\t\t\t\t\t<figure class=\"wp-caption\">\n\t\t\t\t\t\t\t\t\t\t\t<a href=\"https:\/\/www.facebook.com\/p\/Villa-Pizza-61575579072276\/\">\n\t\t\t\t\t\t\t<img loading=\"lazy\" decoding=\"async\" width=\"157\" height=\"152\" src=\"https:\/\/www.esperancenogentbasket.fr\/wp-content\/uploads\/2025\/10\/VILLA-PIZZA.jpeg\" class=\"attachment-large size-large wp-image-3858\" alt=\"\" \/>\t\t\t\t\t\t\t\t<\/a>\n\t\t\t\t\t\t\t\t\t\t\t<figcaption class=\"widget-image-caption wp-caption-text\">Villa Pizza<\/figcaption>\n\t\t\t\t\t\t\t\t\t\t<\/figure>\n\t\t\t\t\t\t\t\t\t<\/div>\n\t\t\t\t<\/div>\n\t\t\t\t\t<\/div>\n\t\t<\/div>\n\t\t\t\t<div class=\"elementor-column elementor-col-50 elementor-top-column elementor-element elementor-element-5d1d4f9\" data-id=\"5d1d4f9\" data-element_type=\"column\" data-e-type=\"column\">\n\t\t\t<div class=\"elementor-widget-wrap elementor-element-populated\">\n\t\t\t\t\t\t<div class=\"elementor-element elementor-element-b5e85b0 elementor-widget elementor-widget-image\" data-id=\"b5e85b0\" data-element_type=\"widget\" data-e-type=\"widget\" data-widget_type=\"image.default\">\n\t\t\t\t<div class=\"elementor-widget-container\">\n\t\t\t\t\t\t\t\t\t\t\t\t<figure class=\"wp-caption\">\n\t\t\t\t\t\t\t\t\t\t\t<a href=\"https:\/\/www.hilzinger-france.fr\/\">\n\t\t\t\t\t\t\t<img loading=\"lazy\" decoding=\"async\" width=\"1024\" height=\"272\" src=\"https:\/\/www.esperancenogentbasket.fr\/wp-content\/uploads\/2026\/03\/HILZINGER-1024x272.jpeg\" class=\"attachment-large size-large wp-image-4172\" alt=\"\" srcset=\"https:\/\/www.esperancenogentbasket.fr\/wp-content\/uploads\/2026\/03\/HILZINGER-1024x272.jpeg 1024w, https:\/\/www.esperancenogentbasket.fr\/wp-content\/uploads\/2026\/03\/HILZINGER-300x80.jpeg 300w, https:\/\/www.esperancenogentbasket.fr\/wp-content\/uploads\/2026\/03\/HILZINGER-768x204.jpeg 768w, https:\/\/www.esperancenogentbasket.fr\/wp-content\/uploads\/2026\/03\/HILZINGER.jpeg 1200w\" sizes=\"(max-width: 1024px) 100vw, 1024px\" \/>\t\t\t\t\t\t\t\t<\/a>\n\t\t\t\t\t\t\t\t\t\t\t<figcaption class=\"widget-image-caption wp-caption-text\">Hilzinger France<\/figcaption>\n\t\t\t\t\t\t\t\t\t\t<\/figure>\n\t\t\t\t\t\t\t\t\t<\/div>\n\t\t\t\t<\/div>\n\t\t\t\t\t<\/div>\n\t\t<\/div>\n\t\t\t\t\t<\/div>\n\t\t<\/section>\n\t\t\t\t<\/div>\n\t\t","protected":false},"excerpt":{"rendered":"<p>Nous tenons \u00e0 remercier tout nos partenaires qui nous suives et sans qui nous ne pourrions avoir autant d&rsquo;\u00e9quipement. AXA Nogent sur Seine Intermarch\u00e9 Nogent sur Seine Centrale Nucl\u00e9aire de Nogent sur Seine LAM Gitem Nogent sur Seine Garage Carrosserie Dionnet LR Chauffage Menuiserie Minoux Villa Pizza Hilzinger France<\/p>\n","protected":false},"author":1,"featured_media":0,"parent":0,"menu_order":0,"comment_status":"closed","ping_status":"closed","template":"template-parts\/template-full-width.php","meta":{"footnotes":""},"class_list":["post-3343","page","type-page","status-publish","hentry"],"aioseo_notices":[],"_links":{"self":[{"href":"https:\/\/www.esperancenogentbasket.fr\/index.php\/wp-json\/wp\/v2\/pages\/3343","targetHints":{"allow":["GET"]}}],"collection":[{"href":"https:\/\/www.esperancenogentbasket.fr\/index.php\/wp-json\/wp\/v2\/pages"}],"about":[{"href":"https:\/\/www.esperancenogentbasket.fr\/index.php\/wp-json\/wp\/v2\/types\/page"}],"author":[{"embeddable":true,"href":"https:\/\/www.esperancenogentbasket.fr\/index.php\/wp-json\/wp\/v2\/users\/1"}],"replies":[{"embeddable":true,"href":"https:\/\/www.esperancenogentbasket.fr\/index.php\/wp-json\/wp\/v2\/comments?post=3343"}],"version-history":[{"count":39,"href":"https:\/\/www.esperancenogentbasket.fr\/index.php\/wp-json\/wp\/v2\/pages\/3343\/revisions"}],"predecessor-version":[{"id":4175,"href":"https:\/\/www.esperancenogentbasket.fr\/index.php\/wp-json\/wp\/v2\/pages\/3343\/revisions\/4175"}],"wp:attachment":[{"href":"https:\/\/www.esperancenogentbasket.fr\/index.php\/wp-json\/wp\/v2\/media?parent=3343"}],"curies":[{"name":"wp","href":"https:\/\/api.w.org\/{rel}","templated":true}]}}