{"id":790,"date":"2018-10-03T11:46:31","date_gmt":"2018-10-03T11:46:31","guid":{"rendered":"http:\/\/localhost\/www\/Mythemes\/modeling\/?page_id=790"},"modified":"2024-02-09T16:22:22","modified_gmt":"2024-02-09T15:22:22","slug":"la-direction","status":"publish","type":"page","link":"https:\/\/www.esperancenogentbasket.fr\/index.php\/la-direction\/","title":{"rendered":"Le bureau"},"content":{"rendered":"\t\t<div data-elementor-type=\"wp-page\" data-elementor-id=\"790\" class=\"elementor elementor-790\">\n\t\t\t\t\t\t<section class=\"elementor-section elementor-top-section elementor-element elementor-element-58223ef0 elementor-section-boxed elementor-section-height-default elementor-section-height-default\" data-id=\"58223ef0\" data-element_type=\"section\" data-e-type=\"section\">\n\t\t\t\t\t\t<div class=\"elementor-container elementor-column-gap-default\">\n\t\t\t\t\t<div class=\"elementor-column elementor-col-100 elementor-top-column elementor-element elementor-element-6bc168d2\" data-id=\"6bc168d2\" data-element_type=\"column\" data-e-type=\"column\">\n\t\t\t<div class=\"elementor-widget-wrap elementor-element-populated\">\n\t\t\t\t\t\t<div class=\"elementor-element elementor-element-21e44511 elementor-widget elementor-widget-text-editor\" data-id=\"21e44511\" data-element_type=\"widget\" data-e-type=\"widget\" data-widget_type=\"text-editor.default\">\n\t\t\t\t<div class=\"elementor-widget-container\">\n\t\t\t\t\t\t\t\t\t<p>Depuis juillet 2022, le club est dirig\u00e9 par Fr\u00e9d\u00e9ric Demalvoisine.<\/p>\n<p><div id=\"team_members\"><div class=\"teammember-list\"><div class=\"thumnailbx\"><a href=\"https:\/\/www.esperancenogentbasket.fr\/index.php\/our-team\/frederic-demalvoisine\/\"><img fetchpriority=\"high\" decoding=\"async\" width=\"1754\" height=\"2335\" src=\"https:\/\/www.esperancenogentbasket.fr\/wp-content\/uploads\/2024\/09\/FRED-DEM.png\" class=\"attachment-post-thumbnail size-post-thumbnail wp-post-image\" alt=\"\" srcset=\"https:\/\/www.esperancenogentbasket.fr\/wp-content\/uploads\/2024\/09\/FRED-DEM.png 1754w, https:\/\/www.esperancenogentbasket.fr\/wp-content\/uploads\/2024\/09\/FRED-DEM-225x300.png 225w, https:\/\/www.esperancenogentbasket.fr\/wp-content\/uploads\/2024\/09\/FRED-DEM-769x1024.png 769w, https:\/\/www.esperancenogentbasket.fr\/wp-content\/uploads\/2024\/09\/FRED-DEM-768x1022.png 768w, https:\/\/www.esperancenogentbasket.fr\/wp-content\/uploads\/2024\/09\/FRED-DEM-1154x1536.png 1154w\" sizes=\"(max-width: 1754px) 100vw, 1754px\" \/><\/a><div class=\"member-social-icon\"><\/div><\/div><div class=\"titledesbox\">\r\n\t\t\t\t            <h6 class=\"title\">Fr\u00e9d\u00e9ric DEMALVOISINE<\/h6>\r\n\t\t\t\t\t\t\t<cite>Pr\u00e9sident et Coach<\/cite>\t\t\t\t\t\t\t\r\n\t\t\t\t\t\t\t<\/div><\/div><div class=\"teammember-list lastcols\"><div class=\"thumnailbx\"><a href=\"https:\/\/www.esperancenogentbasket.fr\/index.php\/our-team\/jerome-valadier\/\"><img decoding=\"async\" width=\"1754\" height=\"2335\" src=\"https:\/\/www.esperancenogentbasket.fr\/wp-content\/uploads\/2024\/09\/jerome.png\" class=\"attachment-post-thumbnail size-post-thumbnail wp-post-image\" alt=\"\" srcset=\"https:\/\/www.esperancenogentbasket.fr\/wp-content\/uploads\/2024\/09\/jerome.png 1754w, https:\/\/www.esperancenogentbasket.fr\/wp-content\/uploads\/2024\/09\/jerome-225x300.png 225w, https:\/\/www.esperancenogentbasket.fr\/wp-content\/uploads\/2024\/09\/jerome-769x1024.png 769w, https:\/\/www.esperancenogentbasket.fr\/wp-content\/uploads\/2024\/09\/jerome-768x1022.png 768w, https:\/\/www.esperancenogentbasket.fr\/wp-content\/uploads\/2024\/09\/jerome-1154x1536.png 1154w, https:\/\/www.esperancenogentbasket.fr\/wp-content\/uploads\/2024\/09\/jerome-1538x2048.png 1538w\" sizes=\"(max-width: 1754px) 100vw, 1754px\" \/><\/a><div class=\"member-social-icon\"><\/div><\/div><div class=\"titledesbox\">\r\n\t\t\t\t            <h6 class=\"title\">J\u00e9r\u00f4me VALADIER<\/h6>\r\n\t\t\t\t\t\t\t<cite>Vice-pr\u00e9sident et Coach<\/cite>\t\t\t\t\t\t\t\r\n\t\t\t\t\t\t\t<\/div><\/div><div class=\"teammember-list\"><div class=\"thumnailbx\"><a href=\"https:\/\/www.esperancenogentbasket.fr\/index.php\/our-team\/emilie-marechal\/\"><\/a><div class=\"member-social-icon\"><\/div><\/div><div class=\"titledesbox\">\r\n\t\t\t\t            <h6 class=\"title\">\u00c9milie MARECHAL<\/h6>\r\n\t\t\t\t\t\t\t<cite>Tr\u00e9sori\u00e8re<\/cite>\t\t\t\t\t\t\t\r\n\t\t\t\t\t\t\t<\/div><\/div><div class=\"teammember-list lastcols\"><div class=\"thumnailbx\"><a href=\"https:\/\/www.esperancenogentbasket.fr\/index.php\/our-team\/celine-delmas-begue\/\"><\/a><div class=\"member-social-icon\"><\/div><\/div><div class=\"titledesbox\">\r\n\t\t\t\t            <h6 class=\"title\">C\u00e9line DELMAS-BEGUE<\/h6>\r\n\t\t\t\t\t\t\t<cite>Secr\u00e9taire<\/cite>\t\t\t\t\t\t\t\r\n\t\t\t\t\t\t\t<\/div><\/div><div class=\"teammember-list\"><div class=\"thumnailbx\"><a href=\"https:\/\/www.esperancenogentbasket.fr\/index.php\/our-team\/yohan-favin\/\"><img decoding=\"async\" width=\"1754\" height=\"2335\" src=\"https:\/\/www.esperancenogentbasket.fr\/wp-content\/uploads\/2024\/09\/YOH.png\" class=\"attachment-post-thumbnail size-post-thumbnail wp-post-image\" alt=\"\" srcset=\"https:\/\/www.esperancenogentbasket.fr\/wp-content\/uploads\/2024\/09\/YOH.png 1754w, https:\/\/www.esperancenogentbasket.fr\/wp-content\/uploads\/2024\/09\/YOH-225x300.png 225w, https:\/\/www.esperancenogentbasket.fr\/wp-content\/uploads\/2024\/09\/YOH-769x1024.png 769w, https:\/\/www.esperancenogentbasket.fr\/wp-content\/uploads\/2024\/09\/YOH-768x1022.png 768w, https:\/\/www.esperancenogentbasket.fr\/wp-content\/uploads\/2024\/09\/YOH-1154x1536.png 1154w, https:\/\/www.esperancenogentbasket.fr\/wp-content\/uploads\/2024\/09\/YOH-1538x2048.png 1538w\" sizes=\"(max-width: 1754px) 100vw, 1754px\" \/><\/a><div class=\"member-social-icon\"><\/div><\/div><div class=\"titledesbox\">\r\n\t\t\t\t            <h6 class=\"title\">Yohan FAVIN<\/h6>\r\n\t\t\t\t\t\t\t<cite>Membre du bureau et Coach<\/cite>\t\t\t\t\t\t\t\r\n\t\t\t\t\t\t\t<\/div><\/div><div class=\"teammember-list lastcols\"><div class=\"thumnailbx\"><a href=\"https:\/\/www.esperancenogentbasket.fr\/index.php\/our-team\/aminata-martial\/\"><img loading=\"lazy\" decoding=\"async\" width=\"1754\" height=\"2335\" src=\"https:\/\/www.esperancenogentbasket.fr\/wp-content\/uploads\/2024\/09\/AMY.png\" class=\"attachment-post-thumbnail size-post-thumbnail wp-post-image\" alt=\"\" srcset=\"https:\/\/www.esperancenogentbasket.fr\/wp-content\/uploads\/2024\/09\/AMY.png 1754w, https:\/\/www.esperancenogentbasket.fr\/wp-content\/uploads\/2024\/09\/AMY-225x300.png 225w, https:\/\/www.esperancenogentbasket.fr\/wp-content\/uploads\/2024\/09\/AMY-769x1024.png 769w, https:\/\/www.esperancenogentbasket.fr\/wp-content\/uploads\/2024\/09\/AMY-768x1022.png 768w, https:\/\/www.esperancenogentbasket.fr\/wp-content\/uploads\/2024\/09\/AMY-1154x1536.png 1154w, https:\/\/www.esperancenogentbasket.fr\/wp-content\/uploads\/2024\/09\/AMY-1538x2048.png 1538w\" sizes=\"(max-width: 1754px) 100vw, 1754px\" \/><\/a><div class=\"member-social-icon\"><\/div><\/div><div class=\"titledesbox\">\r\n\t\t\t\t            <h6 class=\"title\">Aminata MARTIAL<\/h6>\r\n\t\t\t\t\t\t\t<cite>Membre du bureau<\/cite>\t\t\t\t\t\t\t\r\n\t\t\t\t\t\t\t<\/div><\/div><div class=\"teammember-list\"><div class=\"thumnailbx\"><a href=\"https:\/\/www.esperancenogentbasket.fr\/index.php\/our-team\/emilien-taupin\/\"><img loading=\"lazy\" decoding=\"async\" width=\"1754\" height=\"2335\" src=\"https:\/\/www.esperancenogentbasket.fr\/wp-content\/uploads\/2024\/09\/EMILIEN.png\" class=\"attachment-post-thumbnail size-post-thumbnail wp-post-image\" alt=\"\" srcset=\"https:\/\/www.esperancenogentbasket.fr\/wp-content\/uploads\/2024\/09\/EMILIEN.png 1754w, https:\/\/www.esperancenogentbasket.fr\/wp-content\/uploads\/2024\/09\/EMILIEN-225x300.png 225w, https:\/\/www.esperancenogentbasket.fr\/wp-content\/uploads\/2024\/09\/EMILIEN-769x1024.png 769w, https:\/\/www.esperancenogentbasket.fr\/wp-content\/uploads\/2024\/09\/EMILIEN-768x1022.png 768w\" sizes=\"(max-width: 1754px) 100vw, 1754px\" \/><\/a><div class=\"member-social-icon\"><\/div><\/div><div class=\"titledesbox\">\r\n\t\t\t\t            <h6 class=\"title\">\u00c9milien TAUPIN<\/h6>\r\n\t\t\t\t\t\t\t<cite>Membre du bureau et Coach<\/cite>\t\t\t\t\t\t\t\r\n\t\t\t\t\t\t\t<\/div><\/div><div class=\"teammember-list lastcols\"><div class=\"thumnailbx\"><a href=\"https:\/\/www.esperancenogentbasket.fr\/index.php\/our-team\/laura-lenoir\/\"><img loading=\"lazy\" decoding=\"async\" width=\"1754\" height=\"2335\" src=\"https:\/\/www.esperancenogentbasket.fr\/wp-content\/uploads\/2024\/09\/LAURA.png\" class=\"attachment-post-thumbnail size-post-thumbnail wp-post-image\" alt=\"\" srcset=\"https:\/\/www.esperancenogentbasket.fr\/wp-content\/uploads\/2024\/09\/LAURA.png 1754w, https:\/\/www.esperancenogentbasket.fr\/wp-content\/uploads\/2024\/09\/LAURA-225x300.png 225w, https:\/\/www.esperancenogentbasket.fr\/wp-content\/uploads\/2024\/09\/LAURA-769x1024.png 769w, https:\/\/www.esperancenogentbasket.fr\/wp-content\/uploads\/2024\/09\/LAURA-768x1022.png 768w, https:\/\/www.esperancenogentbasket.fr\/wp-content\/uploads\/2024\/09\/LAURA-1154x1536.png 1154w, https:\/\/www.esperancenogentbasket.fr\/wp-content\/uploads\/2024\/09\/LAURA-1538x2048.png 1538w\" sizes=\"(max-width: 1754px) 100vw, 1754px\" \/><\/a><div class=\"member-social-icon\"><\/div><\/div><div class=\"titledesbox\">\r\n\t\t\t\t            <h6 class=\"title\">Laura LENOIR<\/h6>\r\n\t\t\t\t\t\t\t<cite>Membre du bureau<\/cite>\t\t\t\t\t\t\t\r\n\t\t\t\t\t\t\t<\/div><\/div><div class=\"teammember-list\"><div class=\"thumnailbx\"><a href=\"https:\/\/www.esperancenogentbasket.fr\/index.php\/our-team\/frederic-rousvoal\/\"><img loading=\"lazy\" decoding=\"async\" width=\"1754\" height=\"2335\" src=\"https:\/\/www.esperancenogentbasket.fr\/wp-content\/uploads\/2024\/09\/FRED.png\" class=\"attachment-post-thumbnail size-post-thumbnail wp-post-image\" alt=\"\" srcset=\"https:\/\/www.esperancenogentbasket.fr\/wp-content\/uploads\/2024\/09\/FRED.png 1754w, https:\/\/www.esperancenogentbasket.fr\/wp-content\/uploads\/2024\/09\/FRED-225x300.png 225w, https:\/\/www.esperancenogentbasket.fr\/wp-content\/uploads\/2024\/09\/FRED-769x1024.png 769w, https:\/\/www.esperancenogentbasket.fr\/wp-content\/uploads\/2024\/09\/FRED-768x1022.png 768w, https:\/\/www.esperancenogentbasket.fr\/wp-content\/uploads\/2024\/09\/FRED-1154x1536.png 1154w, https:\/\/www.esperancenogentbasket.fr\/wp-content\/uploads\/2024\/09\/FRED-1538x2048.png 1538w\" sizes=\"(max-width: 1754px) 100vw, 1754px\" \/><\/a><div class=\"member-social-icon\"><\/div><\/div><div class=\"titledesbox\">\r\n\t\t\t\t            <h6 class=\"title\">Fr\u00e9d\u00e9ric ROUSVOAL<\/h6>\r\n\t\t\t\t\t\t\t<cite>Membre du bureau et Coach<\/cite>\t\t\t\t\t\t\t\r\n\t\t\t\t\t\t\t<\/div><\/div><div class=\"teammember-list lastcols\"><div class=\"thumnailbx\"><a href=\"https:\/\/www.esperancenogentbasket.fr\/index.php\/our-team\/catherine-gay\/\"><\/a><div class=\"member-social-icon\"><\/div><\/div><div class=\"titledesbox\">\r\n\t\t\t\t            <h6 class=\"title\">Catherine GAY<\/h6>\r\n\t\t\t\t\t\t\t<cite>Membre du bureau et Coach<\/cite>\t\t\t\t\t\t\t\r\n\t\t\t\t\t\t\t<\/div><\/div><div class=\"teammember-list\"><div class=\"thumnailbx\"><a href=\"https:\/\/www.esperancenogentbasket.fr\/index.php\/our-team\/cedric-salducci\/\"><img loading=\"lazy\" decoding=\"async\" width=\"1754\" height=\"2335\" src=\"https:\/\/www.esperancenogentbasket.fr\/wp-content\/uploads\/2024\/09\/CE.png\" class=\"attachment-post-thumbnail size-post-thumbnail wp-post-image\" alt=\"\" srcset=\"https:\/\/www.esperancenogentbasket.fr\/wp-content\/uploads\/2024\/09\/CE.png 1754w, https:\/\/www.esperancenogentbasket.fr\/wp-content\/uploads\/2024\/09\/CE-225x300.png 225w, https:\/\/www.esperancenogentbasket.fr\/wp-content\/uploads\/2024\/09\/CE-769x1024.png 769w, https:\/\/www.esperancenogentbasket.fr\/wp-content\/uploads\/2024\/09\/CE-768x1022.png 768w\" sizes=\"(max-width: 1754px) 100vw, 1754px\" \/><\/a><div class=\"member-social-icon\"><\/div><\/div><div class=\"titledesbox\">\r\n\t\t\t\t            <h6 class=\"title\">C\u00e9dric SALDUCCI<\/h6>\r\n\t\t\t\t\t\t\t<cite>Membre du bureau<\/cite>\t\t\t\t\t\t\t\r\n\t\t\t\t\t\t\t<\/div><\/div><div class=\"teammember-list lastcols\"><div class=\"thumnailbx\"><a href=\"https:\/\/www.esperancenogentbasket.fr\/index.php\/our-team\/cathy-fessard\/\"><img loading=\"lazy\" decoding=\"async\" width=\"1754\" height=\"2335\" src=\"https:\/\/www.esperancenogentbasket.fr\/wp-content\/uploads\/2024\/09\/cathy.png\" class=\"attachment-post-thumbnail size-post-thumbnail wp-post-image\" alt=\"\" srcset=\"https:\/\/www.esperancenogentbasket.fr\/wp-content\/uploads\/2024\/09\/cathy.png 1754w, https:\/\/www.esperancenogentbasket.fr\/wp-content\/uploads\/2024\/09\/cathy-225x300.png 225w, https:\/\/www.esperancenogentbasket.fr\/wp-content\/uploads\/2024\/09\/cathy-769x1024.png 769w, https:\/\/www.esperancenogentbasket.fr\/wp-content\/uploads\/2024\/09\/cathy-768x1022.png 768w, https:\/\/www.esperancenogentbasket.fr\/wp-content\/uploads\/2024\/09\/cathy-1154x1536.png 1154w\" sizes=\"(max-width: 1754px) 100vw, 1754px\" \/><\/a><div class=\"member-social-icon\"><\/div><\/div><div class=\"titledesbox\">\r\n\t\t\t\t            <h6 class=\"title\">Cathy FESSARD<\/h6>\r\n\t\t\t\t\t\t\t<cite>Membre du bureau<\/cite>\t\t\t\t\t\t\t\r\n\t\t\t\t\t\t\t<\/div><\/div><div class=\"teammember-list\"><div class=\"thumnailbx\"><a href=\"https:\/\/www.esperancenogentbasket.fr\/index.php\/our-team\/julie-mocco-terray\/\"><img loading=\"lazy\" decoding=\"async\" width=\"1754\" height=\"2335\" src=\"https:\/\/www.esperancenogentbasket.fr\/wp-content\/uploads\/2024\/09\/JUMT.png\" class=\"attachment-post-thumbnail size-post-thumbnail wp-post-image\" alt=\"\" srcset=\"https:\/\/www.esperancenogentbasket.fr\/wp-content\/uploads\/2024\/09\/JUMT.png 1754w, https:\/\/www.esperancenogentbasket.fr\/wp-content\/uploads\/2024\/09\/JUMT-225x300.png 225w, https:\/\/www.esperancenogentbasket.fr\/wp-content\/uploads\/2024\/09\/JUMT-769x1024.png 769w, https:\/\/www.esperancenogentbasket.fr\/wp-content\/uploads\/2024\/09\/JUMT-768x1022.png 768w, https:\/\/www.esperancenogentbasket.fr\/wp-content\/uploads\/2024\/09\/JUMT-1154x1536.png 1154w\" sizes=\"(max-width: 1754px) 100vw, 1754px\" \/><\/a><div class=\"member-social-icon\"><\/div><\/div><div class=\"titledesbox\">\r\n\t\t\t\t            <h6 class=\"title\">Julie MOCCO TERRAY<\/h6>\r\n\t\t\t\t\t\t\t<cite>Membre du bureau et Coach<\/cite>\t\t\t\t\t\t\t\r\n\t\t\t\t\t\t\t<\/div><\/div><div class=\"teammember-list lastcols\"><div class=\"thumnailbx\"><a href=\"https:\/\/www.esperancenogentbasket.fr\/index.php\/our-team\/cedric-mocco-terray\/\"><img loading=\"lazy\" decoding=\"async\" width=\"1754\" height=\"2335\" src=\"https:\/\/www.esperancenogentbasket.fr\/wp-content\/uploads\/2024\/09\/CEMT.png\" class=\"attachment-post-thumbnail size-post-thumbnail wp-post-image\" alt=\"\" srcset=\"https:\/\/www.esperancenogentbasket.fr\/wp-content\/uploads\/2024\/09\/CEMT.png 1754w, https:\/\/www.esperancenogentbasket.fr\/wp-content\/uploads\/2024\/09\/CEMT-225x300.png 225w, https:\/\/www.esperancenogentbasket.fr\/wp-content\/uploads\/2024\/09\/CEMT-769x1024.png 769w, https:\/\/www.esperancenogentbasket.fr\/wp-content\/uploads\/2024\/09\/CEMT-768x1022.png 768w, https:\/\/www.esperancenogentbasket.fr\/wp-content\/uploads\/2024\/09\/CEMT-1154x1536.png 1154w, https:\/\/www.esperancenogentbasket.fr\/wp-content\/uploads\/2024\/09\/CEMT-1538x2048.png 1538w\" sizes=\"(max-width: 1754px) 100vw, 1754px\" \/><\/a><div class=\"member-social-icon\"><\/div><\/div><div class=\"titledesbox\">\r\n\t\t\t\t            <h6 class=\"title\">C\u00e9dric MOCCO TERRAY<\/h6>\r\n\t\t\t\t\t\t\t<cite>Membre du bureau<\/cite>\t\t\t\t\t\t\t\r\n\t\t\t\t\t\t\t<\/div><\/div><div class=\"clear\"><\/div><\/div><div class=\"clear\"><\/div><\/p>\t\t\t\t\t\t\t\t<\/div>\n\t\t\t\t<\/div>\n\t\t\t\t\t<\/div>\n\t\t<\/div>\n\t\t\t\t\t<\/div>\n\t\t<\/section>\n\t\t\t\t<\/div>\n\t\t","protected":false},"excerpt":{"rendered":"<p>Depuis juillet 2022, le club est dirig\u00e9 par Fr\u00e9d\u00e9ric Demalvoisine.<\/p>\n","protected":false},"author":1,"featured_media":0,"parent":0,"menu_order":0,"comment_status":"closed","ping_status":"closed","template":"template-parts\/template-full-width.php","meta":{"footnotes":""},"class_list":["post-790","page","type-page","status-publish","hentry"],"aioseo_notices":[],"_links":{"self":[{"href":"https:\/\/www.esperancenogentbasket.fr\/index.php\/wp-json\/wp\/v2\/pages\/790","targetHints":{"allow":["GET"]}}],"collection":[{"href":"https:\/\/www.esperancenogentbasket.fr\/index.php\/wp-json\/wp\/v2\/pages"}],"about":[{"href":"https:\/\/www.esperancenogentbasket.fr\/index.php\/wp-json\/wp\/v2\/types\/page"}],"author":[{"embeddable":true,"href":"https:\/\/www.esperancenogentbasket.fr\/index.php\/wp-json\/wp\/v2\/users\/1"}],"replies":[{"embeddable":true,"href":"https:\/\/www.esperancenogentbasket.fr\/index.php\/wp-json\/wp\/v2\/comments?post=790"}],"version-history":[{"count":9,"href":"https:\/\/www.esperancenogentbasket.fr\/index.php\/wp-json\/wp\/v2\/pages\/790\/revisions"}],"predecessor-version":[{"id":3242,"href":"https:\/\/www.esperancenogentbasket.fr\/index.php\/wp-json\/wp\/v2\/pages\/790\/revisions\/3242"}],"wp:attachment":[{"href":"https:\/\/www.esperancenogentbasket.fr\/index.php\/wp-json\/wp\/v2\/media?parent=790"}],"curies":[{"name":"wp","href":"https:\/\/api.w.org\/{rel}","templated":true}]}}